{"id":3,"date":"2020-10-28T15:49:07","date_gmt":"2020-10-28T14:49:07","guid":{"rendered":"https:\/\/blende28.2ix.de\/?page_id=3"},"modified":"2025-12-05T23:20:54","modified_gmt":"2025-12-05T22:20:54","slug":"datenschutzerklaerung","status":"publish","type":"page","link":"https:\/\/blende28.2ix.de\/?page_id=3","title":{"rendered":"Impressum"},"content":{"rendered":"\n<h2 class=\"wp-block-heading has-text-align-center\" style=\"text-transform:capitalize\">Angaben gem\u00e4\u00df \u00a7 5 TMG<\/h2>\n\n\n\n<h3 class=\"wp-block-heading has-text-align-center has-medium-font-size\">Daniel S\u00e4rchinger<\/h3>\n\n\n\n<h4 class=\"wp-block-heading has-text-align-center has-medium-font-size\">07318 Saalfeld<\/h4>\n\n\n\n<ul class=\"wp-block-social-links aligncenter has-large-icon-size is-style-logos-only is-content-justification-center is-layout-flex wp-container-core-social-links-is-layout-5590e8cb wp-block-social-links-is-layout-flex\"><li class=\"wp-social-link wp-social-link-instagram  wp-block-social-link\"><a rel=\"noopener nofollow\" target=\"_blank\" href=\"https:\/\/www.instagram.com\/blende28fotografie\/\" class=\"wp-block-social-link-anchor\"><svg width=\"24\" height=\"24\" viewBox=\"0 0 24 24\" version=\"1.1\" xmlns=\"http:\/\/www.w3.org\/2000\/svg\" aria-hidden=\"true\" focusable=\"false\"><path d=\"M12,4.622c2.403,0,2.688,0.009,3.637,0.052c0.877,0.04,1.354,0.187,1.671,0.31c0.42,0.163,0.72,0.358,1.035,0.673 c0.315,0.315,0.51,0.615,0.673,1.035c0.123,0.317,0.27,0.794,0.31,1.671c0.043,0.949,0.052,1.234,0.052,3.637 s-0.009,2.688-0.052,3.637c-0.04,0.877-0.187,1.354-0.31,1.671c-0.163,0.42-0.358,0.72-0.673,1.035 c-0.315,0.315-0.615,0.51-1.035,0.673c-0.317,0.123-0.794,0.27-1.671,0.31c-0.949,0.043-1.233,0.052-3.637,0.052 s-2.688-0.009-3.637-0.052c-0.877-0.04-1.354-0.187-1.671-0.31c-0.42-0.163-0.72-0.358-1.035-0.673 c-0.315-0.315-0.51-0.615-0.673-1.035c-0.123-0.317-0.27-0.794-0.31-1.671C4.631,14.688,4.622,14.403,4.622,12 s0.009-2.688,0.052-3.637c0.04-0.877,0.187-1.354,0.31-1.671c0.163-0.42,0.358-0.72,0.673-1.035 c0.315-0.315,0.615-0.51,1.035-0.673c0.317-0.123,0.794-0.27,1.671-0.31C9.312,4.631,9.597,4.622,12,4.622 M12,3 C9.556,3,9.249,3.01,8.289,3.054C7.331,3.098,6.677,3.25,6.105,3.472C5.513,3.702,5.011,4.01,4.511,4.511 c-0.5,0.5-0.808,1.002-1.038,1.594C3.25,6.677,3.098,7.331,3.054,8.289C3.01,9.249,3,9.556,3,12c0,2.444,0.01,2.751,0.054,3.711 c0.044,0.958,0.196,1.612,0.418,2.185c0.23,0.592,0.538,1.094,1.038,1.594c0.5,0.5,1.002,0.808,1.594,1.038 c0.572,0.222,1.227,0.375,2.185,0.418C9.249,20.99,9.556,21,12,21s2.751-0.01,3.711-0.054c0.958-0.044,1.612-0.196,2.185-0.418 c0.592-0.23,1.094-0.538,1.594-1.038c0.5-0.5,0.808-1.002,1.038-1.594c0.222-0.572,0.375-1.227,0.418-2.185 C20.99,14.751,21,14.444,21,12s-0.01-2.751-0.054-3.711c-0.044-0.958-0.196-1.612-0.418-2.185c-0.23-0.592-0.538-1.094-1.038-1.594 c-0.5-0.5-1.002-0.808-1.594-1.038c-0.572-0.222-1.227-0.375-2.185-0.418C14.751,3.01,14.444,3,12,3L12,3z M12,7.378 c-2.552,0-4.622,2.069-4.622,4.622S9.448,16.622,12,16.622s4.622-2.069,4.622-4.622S14.552,7.378,12,7.378z M12,15 c-1.657,0-3-1.343-3-3s1.343-3,3-3s3,1.343,3,3S13.657,15,12,15z M16.804,6.116c-0.596,0-1.08,0.484-1.08,1.08 s0.484,1.08,1.08,1.08c0.596,0,1.08-0.484,1.08-1.08S17.401,6.116,16.804,6.116z\"><\/path><\/svg><span class=\"wp-block-social-link-label screen-reader-text\">Instagram<\/span><\/a><\/li>\n\n<li class=\"wp-social-link wp-social-link-mail  wp-block-social-link\"><a rel=\"noopener nofollow\" target=\"_blank\" href=\"mailto:d&#046;s&#097;&#101;&#114;chi&#110;g&#101;&#114;&#064;&#103;m&#097;&#105;l.co&#109;\" class=\"wp-block-social-link-anchor\"><svg width=\"24\" height=\"24\" viewBox=\"0 0 24 24\" version=\"1.1\" xmlns=\"http:\/\/www.w3.org\/2000\/svg\" aria-hidden=\"true\" focusable=\"false\"><path d=\"M19,5H5c-1.1,0-2,.9-2,2v10c0,1.1.9,2,2,2h14c1.1,0,2-.9,2-2V7c0-1.1-.9-2-2-2zm.5,12c0,.3-.2.5-.5.5H5c-.3,0-.5-.2-.5-.5V9.8l7.5,5.6,7.5-5.6V17zm0-9.1L12,13.6,4.5,7.9V7c0-.3.2-.5.5-.5h14c.3,0,.5.2.5.5v.9z\"><\/path><\/svg><span class=\"wp-block-social-link-label screen-reader-text\">E-Mail<\/span><\/a><\/li>\n\n<li class=\"wp-social-link wp-social-link-whatsapp  wp-block-social-link\"><a rel=\"noopener nofollow\" target=\"_blank\" href=\"https:\/\/wa.me\/+491711232449\" class=\"wp-block-social-link-anchor\"><svg width=\"24\" height=\"24\" viewBox=\"0 0 24 24\" version=\"1.1\" xmlns=\"http:\/\/www.w3.org\/2000\/svg\" aria-hidden=\"true\" focusable=\"false\"><path d=\"M 12.011719 2 C 6.5057187 2 2.0234844 6.478375 2.0214844 11.984375 C 2.0204844 13.744375 2.4814687 15.462563 3.3554688 16.976562 L 2 22 L 7.2324219 20.763672 C 8.6914219 21.559672 10.333859 21.977516 12.005859 21.978516 L 12.009766 21.978516 C 17.514766 21.978516 21.995047 17.499141 21.998047 11.994141 C 22.000047 9.3251406 20.962172 6.8157344 19.076172 4.9277344 C 17.190172 3.0407344 14.683719 2.001 12.011719 2 z M 12.009766 4 C 14.145766 4.001 16.153109 4.8337969 17.662109 6.3417969 C 19.171109 7.8517969 20.000047 9.8581875 19.998047 11.992188 C 19.996047 16.396187 16.413812 19.978516 12.007812 19.978516 C 10.674812 19.977516 9.3544062 19.642812 8.1914062 19.007812 L 7.5175781 18.640625 L 6.7734375 18.816406 L 4.8046875 19.28125 L 5.2851562 17.496094 L 5.5019531 16.695312 L 5.0878906 15.976562 C 4.3898906 14.768562 4.0204844 13.387375 4.0214844 11.984375 C 4.0234844 7.582375 7.6067656 4 12.009766 4 z M 8.4765625 7.375 C 8.3095625 7.375 8.0395469 7.4375 7.8105469 7.6875 C 7.5815469 7.9365 6.9355469 8.5395781 6.9355469 9.7675781 C 6.9355469 10.995578 7.8300781 12.182609 7.9550781 12.349609 C 8.0790781 12.515609 9.68175 15.115234 12.21875 16.115234 C 14.32675 16.946234 14.754891 16.782234 15.212891 16.740234 C 15.670891 16.699234 16.690438 16.137687 16.898438 15.554688 C 17.106437 14.971687 17.106922 14.470187 17.044922 14.367188 C 16.982922 14.263188 16.816406 14.201172 16.566406 14.076172 C 16.317406 13.951172 15.090328 13.348625 14.861328 13.265625 C 14.632328 13.182625 14.464828 13.140625 14.298828 13.390625 C 14.132828 13.640625 13.655766 14.201187 13.509766 14.367188 C 13.363766 14.534188 13.21875 14.556641 12.96875 14.431641 C 12.71875 14.305641 11.914938 14.041406 10.960938 13.191406 C 10.218937 12.530406 9.7182656 11.714844 9.5722656 11.464844 C 9.4272656 11.215844 9.5585938 11.079078 9.6835938 10.955078 C 9.7955938 10.843078 9.9316406 10.663578 10.056641 10.517578 C 10.180641 10.371578 10.223641 10.267562 10.306641 10.101562 C 10.389641 9.9355625 10.347156 9.7890625 10.285156 9.6640625 C 10.223156 9.5390625 9.737625 8.3065 9.515625 7.8125 C 9.328625 7.3975 9.131125 7.3878594 8.953125 7.3808594 C 8.808125 7.3748594 8.6425625 7.375 8.4765625 7.375 z\"><\/path><\/svg><span class=\"wp-block-social-link-label screen-reader-text\">WhatsApp<\/span><\/a><\/li><\/ul>\n\n\n\n<p class=\"has-text-align-center\">\u00a7 1 Warnhinweis zu Inhalten<\/p>\n\n\n\n<p class=\"has-text-align-center\">Die kostenlosen und frei zug\u00e4nglichen Inhalte dieser Webseite wurden mit<br>gr\u00f6\u00dftm\u00f6glicher Sorgfalt erstellt. Der Anbieter dieser Webseite \u00fcbernimmt jedoch<br>keine Gew\u00e4hr f\u00fcr die Richtigkeit und Aktualit\u00e4t der bereitgestellten kostenlosen<br>und frei zug\u00e4nglichen journalistischen Ratgeber und Nachrichten. Namentlich<br>gekennzeichnete Beitr\u00e4ge geben die Meinung des jeweiligen Autors und nicht immer<br>die Meinung des Anbieters wieder. Allein durch den Aufruf der kostenlosen und<br>frei zug\u00e4nglichen Inhalte kommt keinerlei Vertragsverh\u00e4ltnis zwischen dem Nutzer<br>und dem Anbieter zustande, insoweit fehlt es am Rechtsbindungswillen des<br>Anbieters.<\/p>\n\n\n\n<p class=\"has-text-align-center\">\u00a7 2 Externe Links<\/p>\n\n\n\n<p class=\"has-text-align-center\">Diese Website enth\u00e4lt Verkn\u00fcpfungen zu Websites Dritter (&#8220;externe Links&#8221;). Diese<br>Websites unterliegen der Haftung der jeweiligen Betreiber. Der Anbieter hat bei<br>der erstmaligen Verkn\u00fcpfung der externen Links die fremden Inhalte daraufhin<br>\u00fcberpr\u00fcft, ob etwaige Rechtsverst\u00f6\u00dfe bestehen. Zu dem Zeitpunkt waren keine<br>Rechtsverst\u00f6\u00dfe ersichtlich. Der Anbieter hat keinerlei Einfluss auf die aktuelle<br>und zuk\u00fcnftige Gestaltung und auf die Inhalte der verkn\u00fcpften Seiten. Das Setzen<br>von externen Links bedeutet nicht, dass sich der Anbieter die hinter dem Verweis<br>oder Link liegenden Inhalte zu Eigen macht. Eine st\u00e4ndige Kontrolle der externen<br>Links ist f\u00fcr den Anbieter ohne konkrete Hinweise auf Rechtsverst\u00f6\u00dfe nicht<br>zumutbar. Bei Kenntnis von Rechtsverst\u00f6\u00dfen werden jedoch derartige externe Links<br>unverz\u00fcglich gel\u00f6scht.<\/p>\n\n\n\n<p class=\"has-text-align-center\">\u00a7 3 Urheber- und Leistungsschutzrechte<\/p>\n\n\n\n<p class=\"has-text-align-center\">Die auf dieser Website ver\u00f6ffentlichten Inhalte unterliegen dem deutschen<br>Urheber- und Leistungsschutzrecht. Jede vom deutschen Urheber- und<br>Leistungsschutzrecht nicht zugelassene Verwertung bedarf der vorherigen<br>schriftlichen Zustimmung des Anbieters oder jeweiligen Rechteinhabers. Dies gilt<br>insbesondere f\u00fcr Vervielf\u00e4ltigung, Bearbeitung, \u00dcbersetzung, Einspeicherung,<br>Verarbeitung bzw. Wiedergabe von Inhalten in Datenbanken oder anderen<br>elektronischen Medien und Systemen. Inhalte und Rechte Dritter sind dabei als<br>solche gekennzeichnet. Die unerlaubte Vervielf\u00e4ltigung oder Weitergabe einzelner<br>Inhalte oder kompletter Seiten ist nicht gestattet und strafbar. Lediglich die<br>Herstellung von Kopien und Downloads f\u00fcr den pers\u00f6nlichen, privaten und nicht<br>kommerziellen Gebrauch ist erlaubt.<\/p>\n\n\n\n<p class=\"has-text-align-center\">Die Darstellung dieser Website in fremden Frames ist nur mit schriftlicher<br>Erlaubnis zul\u00e4ssig.<\/p>\n\n\n\n<p class=\"has-text-align-center\">\u00a7 4 Besondere Nutzungsbedingungen<\/p>\n\n\n\n<p class=\"has-text-align-center\">Soweit besondere Bedingungen f\u00fcr einzelne Nutzungen dieser Website von den<br>vorgenannten Paragraphen abweichen, wird an entsprechender Stelle ausdr\u00fccklich<br>darauf hingewiesen. In diesem Falle gelten im jeweiligen Einzelfall die<br>besonderen Nutzungsbedingungen.<\/p>\n\n\n\n<p class=\"has-text-align-center\"><\/p>\n\n\n\n<h1 class=\"wp-block-heading has-text-align-center\">Datenschutzerkl\u00e4rung<\/h1>\n\n\n\n<h2 class=\"wp-block-heading has-text-align-center\">Datenschutz<\/h2>\n\n\n\n<p class=\"has-text-align-center\">Wir haben diese Datenschutzerkl\u00e4rung (Fassung 02.12.2020-311237381) verfasst, um Ihnen gem\u00e4\u00df der Vorgaben der&nbsp;<a href=\"https:\/\/eur-lex.europa.eu\/legal-content\/DE\/ALL\/?uri=celex%3A32016R0679&amp;tid=311237381\" target=\"_blank\" rel=\"noreferrer noopener\">Datenschutz-Grundverordnung (EU) 2016\/679<\/a>&nbsp;zu erkl\u00e4ren, welche Informationen wir sammeln, wie wir Daten verwenden und welche Entscheidungsm\u00f6glichkeiten Sie als Besucher dieser Webseite haben.<\/p>\n\n\n\n<p class=\"has-text-align-center\">Leider liegt es in der Natur der Sache, dass diese Erkl\u00e4rungen sehr technisch klingen, wir haben uns bei der Erstellung jedoch bem\u00fcht die wichtigsten Dinge so einfach und klar wie m\u00f6glich zu beschreiben.<\/p>\n\n\n\n<h2 class=\"wp-block-heading has-text-align-center\">Instagram Datenschutzerkl\u00e4rung<\/h2>\n\n\n\n<p class=\"has-text-align-center\">Wir haben auf unserer Webseite Funktionen von Instagram eingebaut. Instagram ist eine Social Media Plattform des Unternehmens Instagram LLC, 1601 Willow Rd, Menlo Park CA 94025, USA. Instagram ist seit 2012 ein Tochterunternehmen von Facebook Inc. und geh\u00f6rt zu den Facebook-Produkten. Das Einbetten von Instagram-Inhalten auf unserer Webseite nennt man Embedding. Dadurch k\u00f6nnen wir Ihnen Inhalte wie Buttons, Fotos oder Videos von Instagram direkt auf unserer Webseite zeigen. Wenn Sie Webseiten unserer Webpr\u00e4senz aufrufen, die eine Instagram-Funktion integriert haben, werden Daten an Instagram \u00fcbermittelt, gespeichert und verarbeitet. Instagram verwendet dieselben Systeme und Technologien wie Facebook. Ihre Daten werden somit \u00fcber alle Facebook-Firmen hinweg verarbeitet.<\/p>\n\n\n\n<p class=\"has-text-align-center\">Im Folgenden wollen wir Ihnen einen genaueren Einblick geben, warum Instagram Daten sammelt, um welche Daten es sich handelt und wie Sie die Datenverarbeitung weitgehend kontrollieren k\u00f6nnen. Da Instagram zu Facebook Inc. geh\u00f6rt, beziehen wir unsere Informationen einerseits von den Instagram-Richtlinien, andererseits allerdings auch von den Facebook-Datenrichtlinien selbst.<\/p>\n\n\n\n<h3 class=\"wp-block-heading has-text-align-center\">Was ist Instagram?<\/h3>\n\n\n\n<p class=\"has-text-align-center\">Instagram ist eines der bekanntesten Social Media Netzwerken weltweit. Instagram kombiniert die Vorteile eines Blogs mit den Vorteilen von audiovisuellen Plattformen wie YouTube oder Vimeo. Sie k\u00f6nnen auf \u201eInsta\u201c (wie viele der User die Plattform salopp nennen) Fotos und kurze Videos hochladen, mit verschiedenen Filtern bearbeiten und auch in anderen sozialen Netzwerken verbreiten. Und wenn Sie selbst nicht aktiv sein wollen, k\u00f6nnen Sie auch nur anderen interessante Users folgen.<\/p>\n\n\n\n<h3 class=\"wp-block-heading has-text-align-center\">Warum verwenden wir Instagram auf unserer Webseite?<\/h3>\n\n\n\n<p class=\"has-text-align-center\">Instagram ist jene Social Media Plattform, die in den letzten Jahren so richtig durch die Decke ging. Und nat\u00fcrlich haben auch wir auf diesen Boom reagiert. Wir wollen, dass Sie sich auf unserer Webseite so wohl wie m\u00f6glich f\u00fchlen. Darum ist f\u00fcr uns eine abwechslungsreiche Aufbereitung unserer Inhalte selbstverst\u00e4ndlich. Durch die eingebetteten Instagram-Funktionen k\u00f6nnen wir unseren Content mit hilfreichen, lustigen oder spannenden Inhalten aus der Instagram-Welt bereichern. Da Instagram eine Tochtergesellschaft von Facebook ist, k\u00f6nnen uns die erhobenen Daten auch f\u00fcr personalisierte Werbung auf Facebook dienlich sein. So bekommen unsere Werbeanzeigen nur Menschen, die sich wirklich f\u00fcr unsere Produkte oder Dienstleistungen interessieren.<\/p>\n\n\n\n<p class=\"has-text-align-center\">Instagram n\u00fctzt die gesammelten Daten auch&nbsp;zu Messungs- und Analysezwecken. Wir bekommen zusammengefasste Statistiken und so mehr Einblick \u00fcber Ihre W\u00fcnsche und Interessen. Wichtig ist zu erw\u00e4hnen, dass diese Berichte Sie nicht pers\u00f6nlich identifizieren.<\/p>\n\n\n\n<h3 class=\"wp-block-heading has-text-align-center\">Welche Daten werden von Instagram gespeichert?<\/h3>\n\n\n\n<p class=\"has-text-align-center\">Wenn Sie auf eine unserer Seiten sto\u00dfen, die Instagram-Funktionen (wie Instagrambilder oder Plug-ins) eingebaut haben, setzt sich Ihr Browser automatisch mit den Servern von Instagram in Verbindung. Dabei werden Daten an Instagram versandt, gespeichert und verarbeitet. Und zwar unabh\u00e4ngig, ob Sie ein Instagram-Konto haben oder nicht. Dazu z\u00e4hlen Informationen \u00fcber unserer Webseite, \u00fcber Ihren Computer, \u00fcber get\u00e4tigte K\u00e4ufe, \u00fcber Werbeanzeigen, die Sie sehen und wie Sie unser Angebot nutzen. Weiters werden auch Datum und Uhrzeit Ihrer Interaktion mit Instagram gespeichert. Wenn Sie ein Instagram-Konto haben bzw. eingeloggt sind, speichert Instagram deutlich mehr Daten \u00fcber Sie.<\/p>\n\n\n\n<p class=\"has-text-align-center\">Facebook unterscheidet zwischen Kundendaten und Eventdaten. Wir gehen davon aus, dass dies bei Instagram genau so der Fall ist. Kundendaten sind zum Beispiel Name, Adresse, Telefonnummer und IP-Adresse. Wichtig zu erw\u00e4hnen ist, dass diese Kundendaten erst an Instagram \u00fcbermittelt werden, wenn Sie zuvor \u201egehasht\u201c wurden. Hashing meint, ein Datensatz wird in eine Zeichenkette verwandelt. Dadurch kann man die Kontaktdaten verschl\u00fcsseln. Zudem werden auch die oben genannten \u201eEvent-Daten\u201c \u00fcbermittelt. Unter \u201eEvent-Daten\u201c versteht Facebook \u2013 und folglich auch Instagram \u2013 Daten \u00fcber Ihr Userverhalten. Es kann auch vorkommen, dass Kontaktdaten mit Event-Daten kombiniert werden. Die erhobenen Kontaktdaten werden mit den Daten, die Instagram bereits von Ihnen hat abgeglichen.<\/p>\n\n\n\n<p class=\"has-text-align-center\">\u00dcber kleine Text-Dateien (Cookies), die meist in Ihrem Browser gesetzt werden, werden die gesammelten Daten an Facebook \u00fcbermittelt. Je nach verwendeten Instagram-Funktionen und ob Sie selbst ein Instagram-Konto haben, werden unterschiedlich viele Daten gespeichert.<\/p>\n\n\n\n<p class=\"has-text-align-center\">Wir gehen davon aus, dass bei Instagram die Datenverarbeitung gleich funktioniert wie bei Facebook. Das bedeutet: wenn Sie ein Instagram-Konto haben oder&nbsp;<a href=\"http:\/\/www.instagram.com\/?tid=311237381\" target=\"_blank\" rel=\"noreferrer noopener\">www.instagram.com<\/a>&nbsp;besucht haben, hat Instagram zumindest ein Cookie gesetzt. Wenn das der Fall ist, sendet Ihr Browser \u00fcber das Cookie Infos an Instagram, sobald Sie mit einer Instagram-Funktion in Ber\u00fchrung kommen. Sp\u00e4testens nach 90 Tagen (nach Abgleichung) werden diese Daten wieder gel\u00f6scht bzw. anonymisiert. Obwohl wir uns intensiv mit der Datenverarbeitung von Instagram besch\u00e4ftigt haben, k\u00f6nnen wir nicht ganz genau sagen, welche Daten Instagram exakt sammelt und speichert.<\/p>\n\n\n\n<p class=\"has-text-align-center\">Im Folgenden zeigen wir Ihnen Cookies, die in Ihrem Browser mindestens gesetzt werden, wenn Sie auf eine Instagram-Funktion (wie z.B. Button oder ein Insta-Bild) klicken. Bei unserem Test gehen wir davon aus, dass Sie kein Instagram-Konto haben. Wenn Sie bei Instagram eingeloggt sind, werden nat\u00fcrlich deutlich mehr Cookies in Ihrem Browser gesetzt.<\/p>\n\n\n\n<p class=\"has-text-align-center\">Diese Cookies wurden bei unserem Test verwendet:<\/p>\n\n\n\n<p class=\"has-text-align-center\"><strong>Name:&nbsp;<\/strong>csrftoken<br><strong>Wert:&nbsp;<\/strong>\u201c\u201d<br><strong>Verwendungszweck:&nbsp;<\/strong>Dieses Cookie wird mit hoher Wahrscheinlichkeit aus Sicherheitsgr\u00fcnden gesetzt, um F\u00e4lschungen von Anfragen zu verhindern. Genauer konnten wir das allerdings nicht in Erfahrung bringen.<br><strong>Ablaufdatum:<\/strong>&nbsp;nach einem Jahr<\/p>\n\n\n\n<p class=\"has-text-align-center\"><strong>Name:&nbsp;<\/strong>mid<br><strong>Wert:&nbsp;<\/strong>\u201c\u201d<br><strong>Verwendungszweck:&nbsp;<\/strong>Instagram setzt dieses Cookie, um die eigenen Dienstleistungen und Angebote in und au\u00dferhalb von Instagram zu optimieren. Das Cookie legt eine eindeutige User-ID fest.<br><strong>Ablaufdatum:<\/strong>&nbsp;nach Ende der Sitzung<\/p>\n\n\n\n<p class=\"has-text-align-center\"><strong>Name:<\/strong>&nbsp;fbsr_311237381124024<br><strong>Wert:&nbsp;<\/strong>keine Angaben<br><strong>Verwendungszweck:&nbsp;<\/strong>Dieses Cookie speichert die Log-in-Anfrage f\u00fcr User der Instagram-App.<strong>Ablaufdatum:<\/strong>&nbsp;nach Ende der Sitzung<\/p>\n\n\n\n<p class=\"has-text-align-center\"><strong>Name:<\/strong>&nbsp;rur<br><strong>Wert:&nbsp;<\/strong>ATN<br><strong>Verwendungszweck:&nbsp;<\/strong>Dabei handelt es sich um ein Instagram-Cookie, das die Funktionalit\u00e4t auf Instagram gew\u00e4hrleistet.<br><strong>Ablaufdatum:<\/strong>&nbsp;nach Ende der Sitzung<\/p>\n\n\n\n<p class=\"has-text-align-center\"><strong>Name:<\/strong>&nbsp;urlgen<br><strong>Wert:&nbsp;<\/strong>\u201c{\\\u201d194.96.75.33\\\u201d: 1901}:1iEtYv:Y833k2_UjKvXgYe311237381\u201d<br><strong>Verwendungszweck:&nbsp;<\/strong>Dieses Cookie dient den Marketingzwecken von Instagram.<br><strong>Ablaufdatum:<\/strong>&nbsp;nach Ende der Sitzung<\/p>\n\n\n\n<p class=\"has-text-align-center\"><strong>Anmerkung:<\/strong>&nbsp;Wir k\u00f6nnen hier keinen Vollst\u00e4ndigkeitsanspruch erheben. Welche Cookies im individuellen Fall gesetzt werden, h\u00e4ngt von den eingebetteten Funktionen und Ihrer Verwendung von Instagram ab.<\/p>\n\n\n\n<h3 class=\"wp-block-heading has-text-align-center\">Wie lange und wo werden die Daten gespeichert?<\/h3>\n\n\n\n<p class=\"has-text-align-center\">Instagram teilt die erhaltenen Informationen zwischen den Facebook-Unternehmen mit externen Partnern und mit Personen, mit denen Sie sich weltweit verbinden. Die Datenverarbeitung erfolgt unter Einhaltung der eigenen Datenrichtlinie. Ihre Daten sind, unter anderem aus Sicherheitsgr\u00fcnden, auf den Facebook-Servern auf der ganzen Welt verteilt. Die meisten dieser Server stehen in den USA.<\/p>\n\n\n\n<h3 class=\"wp-block-heading has-text-align-center\">Wie kann ich meine Daten l\u00f6schen bzw. die Datenspeicherung verhindern?<\/h3>\n\n\n\n<p class=\"has-text-align-center\">Dank der Datenschutz Grundverordnung haben Sie das Recht auf Auskunft, \u00dcbertragbarkeit, Berichtigung und L\u00f6schung Ihrer Daten. In den Instagram-Einstellungen k\u00f6nnen Sie Ihre Daten verwalten. Wenn Sie Ihre Daten auf Instagram v\u00f6llig l\u00f6schen wollen, m\u00fcssen Sie Ihr Instagram-Konto dauerhaft l\u00f6schen.<\/p>\n\n\n\n<p class=\"has-text-align-center\">Und so funktioniert die L\u00f6schung des Instagram-Kontos:<\/p>\n\n\n\n<p class=\"has-text-align-center\">\u00d6ffnen Sie zuerst die Instagram-App. Auf Ihrer Profilseite gehen Sie nach unten und klicken Sie auf \u201eHilfebereich\u201c. Jetzt kommen Sie auf die Webseite des Unternehmens. Klicken Sie auf der Webseite auf \u201eVerwalten des Kontos\u201c und dann auf \u201eDein Konto l\u00f6schen\u201c.<\/p>\n\n\n\n<p class=\"has-text-align-center\">Wenn Sie Ihr Konto ganz l\u00f6schen, l\u00f6scht Instagram Posts wie beispielsweise Ihre Fotos und Status-Updates. Informationen, die andere Personen \u00fcber Sie geteilt haben, geh\u00f6ren nicht zu Ihrem Konto und werden folglich nicht gel\u00f6scht.<\/p>\n\n\n\n<p class=\"has-text-align-center\">Wie bereits oben erw\u00e4hnt, speichert Instagram Ihre Daten in erster Linie \u00fcber Cookies. Diese Cookies k\u00f6nnen Sie in Ihrem Browser verwalten, deaktivieren oder l\u00f6schen. Abh\u00e4ngig von Ihrem Browser funktioniert die Verwaltung immer ein bisschen anders. Hier zeigen wir Ihnen die Anleitungen der wichtigsten Browser.<\/p>\n\n\n\n<p class=\"has-text-align-center\"><a href=\"https:\/\/support.google.com\/chrome\/answer\/95647?tid=311237381\" target=\"_blank\" rel=\"noreferrer noopener\">Chrome: Cookies in Chrome l\u00f6schen, aktivieren und verwalten<\/a><\/p>\n\n\n\n<p class=\"has-text-align-center\"><a href=\"https:\/\/support.apple.com\/de-at\/guide\/safari\/sfri11471\/mac?tid=311237381\" target=\"_blank\" rel=\"noreferrer noopener\">Safari: Verwalten von Cookies und Websitedaten mit Safari<\/a><\/p>\n\n\n\n<p class=\"has-text-align-center\"><a href=\"https:\/\/support.mozilla.org\/de\/kb\/cookies-und-website-daten-in-firefox-loschen?tid=311237381\" target=\"_blank\" rel=\"noreferrer noopener\">Firefox: Cookies l\u00f6schen, um Daten zu entfernen, die Websites auf Ihrem Computer abgelegt haben<\/a><\/p>\n\n\n\n<p class=\"has-text-align-center\"><a href=\"https:\/\/support.microsoft.com\/de-at\/help\/17442\/windows-internet-explorer-delete-manage-cookies?tid=311237381\" target=\"_blank\" rel=\"noreferrer noopener\">Internet Explorer: L\u00f6schen und Verwalten von Cookies<\/a><\/p>\n\n\n\n<p class=\"has-text-align-center\"><a href=\"https:\/\/support.microsoft.com\/de-at\/help\/4027947\/windows-delete-cookies?tid=311237381\" target=\"_blank\" rel=\"noreferrer noopener\">Microsoft Edge: L\u00f6schen und Verwalten von Cookies<\/a><\/p>\n\n\n\n<p class=\"has-text-align-center\">Sie k\u00f6nnen auch grunds\u00e4tzlich Ihren Browser so einrichten, dass Sie immer informiert werden, wenn ein Cookie gesetzt werden soll. Dann k\u00f6nnen Sie immer individuell entscheiden, ob Sie das Cookie zulassen wollen oder nicht.<\/p>\n\n\n\n<p class=\"has-text-align-center\">Instagram ist ein Tochterunternehmen von Facebook Inc. und Facebook ist aktiver Teilnehmer beim EU-U.S. Privacy Shield Framework. Dieses Framework stellt eine korrekte Daten\u00fcbertragung zwischen den USA und der Europ\u00e4ischen Union sicher. Unter&nbsp;<a rel=\"noreferrer noopener\" href=\"https:\/\/www.privacyshield.gov\/participant?id=a2zt0000000GnywAAC\" target=\"_blank\">https:\/\/www.privacyshield.gov\/participant?id=a2zt0000000GnywAAC&nbsp;<\/a>&nbsp;erfahren Sie mehr dar\u00fcber. Wir haben versucht, Ihnen die wichtigsten Informationen \u00fcber die Datenverarbeitung durch Instagram n\u00e4herzubringen. Auf&nbsp;<a rel=\"noreferrer noopener\" href=\"https:\/\/help.instagram.com\/519522125107875\" target=\"_blank\">https:\/\/help.instagram.com\/519522125107875<\/a><br>k\u00f6nnen Sie sich noch n\u00e4her mit den Datenrichtlinien von Instagram auseinandersetzen.<\/p>\n","protected":false},"excerpt":{"rendered":"<p>Angaben gem\u00e4\u00df \u00a7 5 TMG Daniel S\u00e4rchinger 07318 Saalfeld \u00a7 1 Warnhinweis zu Inhalten Die kostenlosen und frei zug\u00e4nglichen Inhalte dieser Webseite wurden mitgr\u00f6\u00dftm\u00f6glicher Sorgfalt erstellt. Der Anbieter dieser Webseite \u00fcbernimmt jedochkeine Gew\u00e4hr f\u00fcr die Richtigkeit und Aktualit\u00e4t der bereitgestellten kostenlosenund frei zug\u00e4nglichen journalistischen Ratgeber und Nachrichten. Namentlichgekennzeichnete Beitr\u00e4ge geben die Meinung des jeweiligen Autors &hellip; <a href=\"https:\/\/blende28.2ix.de\/?page_id=3\" class=\"more-link\">Continue reading<span class=\"screen-reader-text\"> &#8220;Impressum&#8221;<\/span><\/a><\/p>\n","protected":false},"author":1,"featured_media":0,"parent":0,"menu_order":0,"comment_status":"closed","ping_status":"open","template":"","meta":{"footnotes":""},"class_list":["post-3","page","type-page","status-publish","hentry"],"jetpack_sharing_enabled":true,"_links":{"self":[{"href":"https:\/\/blende28.2ix.de\/index.php?rest_route=\/wp\/v2\/pages\/3","targetHints":{"allow":["GET"]}}],"collection":[{"href":"https:\/\/blende28.2ix.de\/index.php?rest_route=\/wp\/v2\/pages"}],"about":[{"href":"https:\/\/blende28.2ix.de\/index.php?rest_route=\/wp\/v2\/types\/page"}],"author":[{"embeddable":true,"href":"https:\/\/blende28.2ix.de\/index.php?rest_route=\/wp\/v2\/users\/1"}],"replies":[{"embeddable":true,"href":"https:\/\/blende28.2ix.de\/index.php?rest_route=%2Fwp%2Fv2%2Fcomments&post=3"}],"version-history":[{"count":28,"href":"https:\/\/blende28.2ix.de\/index.php?rest_route=\/wp\/v2\/pages\/3\/revisions"}],"predecessor-version":[{"id":1022,"href":"https:\/\/blende28.2ix.de\/index.php?rest_route=\/wp\/v2\/pages\/3\/revisions\/1022"}],"wp:attachment":[{"href":"https:\/\/blende28.2ix.de\/index.php?rest_route=%2Fwp%2Fv2%2Fmedia&parent=3"}],"curies":[{"name":"wp","href":"https:\/\/api.w.org\/{rel}","templated":true}]}}